

{"id":4820,"date":"2022-05-13T01:08:02","date_gmt":"2022-05-12T23:08:02","guid":{"rendered":"https:\/\/store.thegreenbow.com\/create-a-public-organization-account\/"},"modified":"2022-07-12T19:41:08","modified_gmt":"2022-07-12T17:41:08","slug":"create-a-public-organization-account","status":"publish","type":"page","link":"https:\/\/store.thegreenbow.com\/de\/create-a-public-organization-account\/","title":{"rendered":"Richten Sie Ihr Konto f\u00fcr eine \u00f6ffentliche Organisation ein"},"content":{"rendered":"<div  class='flex_column av-cf7tot-1b0de603690ae4df8f464bcb60be5ed4 av_three_fifth  avia-builder-el-0  el_before_av_one_fifth  avia-builder-el-first  first flex_column_div  '     ><p>\n<style type=\"text\/css\" data-created_by=\"avia_inline_auto\" id=\"style-css-av-ahgogd-1d2091513cc92f496a66db330632bd33\">\n#top .av-special-heading.av-ahgogd-1d2091513cc92f496a66db330632bd33{\npadding-bottom:10px;\n}\nbody .av-special-heading.av-ahgogd-1d2091513cc92f496a66db330632bd33 .av-special-heading-tag .heading-char{\nfont-size:25px;\n}\n.av-special-heading.av-ahgogd-1d2091513cc92f496a66db330632bd33 .av-subheading{\nfont-size:15px;\n}\n<\/style>\n<div  class='av-special-heading av-ahgogd-1d2091513cc92f496a66db330632bd33 av-special-heading-h3 blockquote modern-quote  avia-builder-el-1  el_before_av_textblock  avia-builder-el-first '><h3 class='av-special-heading-tag '  itemprop=\"headline\"  >Richten Sie Ihr Konto f\u00fcr eine <b>\u00f6ffentliche Organisation<\/b> ein<\/h3><div class=\"special-heading-border\"><div class=\"special-heading-inner-border\"><\/div><\/div><\/div><br \/>\n<section  class='av_textblock_section av-8sfynx-d4c4ec53f739e665a821c5b95cae737b '   itemscope=\"itemscope\" itemtype=\"https:\/\/schema.org\/CreativeWork\" ><div class='avia_textblock'  itemprop=\"text\" ><p><strong>Sind Sie als \u00f6ffentlicher Einrichtung neuer Kunde?<\/strong><\/p>\n<p>Melden Sie sich unten f\u00fcr ein neues Online-Shop-Konto bei TheGreenBow an.<\/p>\n<\/div><\/section><br \/>\n<section  class='av_textblock_section av-84yua5-2c281b0ae8f578273dc4f9d5f095905a '   itemscope=\"itemscope\" itemtype=\"https:\/\/schema.org\/CreativeWork\" ><div class='avia_textblock'  itemprop=\"text\" >\n<div class=\"um um-register um-4867\">\n\t<div class=\"um-form\" data-mode=\"register\">\n\t\t<form method=\"post\" action=\"\">\n\t\t\t<div class=\"um-row _um_row_1 \" style=\"margin: 0 0 30px 0;\"><div class=\"um-col-121\"><div  id=\"um_field_4867_first_name\" class=\"um-field um-field-text  um-field-first_name um-field-text um-field-type_text\" data-key=\"first_name\"><div class=\"um-field-area\"><input  autocomplete=\"off\" class=\"um-form-field valid \" type=\"text\" name=\"first_name-4867\" id=\"first_name-4867\" value=\"\" placeholder=\"Vorname*\" data-validate=\"\" data-key=\"first_name\"  aria-invalid=\"false\" \/>\n\n\t\t\t\t\t\t<\/div><\/div><\/div><div class=\"um-col-122\"><div  id=\"um_field_4867_last_name\" class=\"um-field um-field-text  um-field-last_name um-field-text um-field-type_text\" data-key=\"last_name\"><div class=\"um-field-area\"><input  autocomplete=\"off\" class=\"um-form-field valid \" type=\"text\" name=\"last_name-4867\" id=\"last_name-4867\" value=\"\" placeholder=\"Nachname*\" data-validate=\"\" data-key=\"last_name\"  aria-invalid=\"false\" \/>\n\n\t\t\t\t\t\t<\/div><\/div><\/div><div class=\"um-clear\"><\/div><div class=\"um-col-121\"><div  id=\"um_field_4867_billing_company\" class=\"um-field um-field-text  um-field-billing_company um-field-text um-field-type_text\" data-key=\"billing_company\"><div class=\"um-field-area\"><input  autocomplete=\"off\" class=\"um-form-field valid \" type=\"text\" name=\"billing_company-4867\" id=\"billing_company-4867\" value=\"\" placeholder=\"Name der firma*\" data-validate=\"\" data-key=\"billing_company\"  aria-invalid=\"false\" \/>\n\n\t\t\t\t\t\t<\/div><\/div><\/div><div class=\"um-col-122\"><div  id=\"um_field_4867_billing_job_title\" class=\"um-field um-field-text  um-field-billing_job_title um-field-text um-field-type_text\" data-key=\"billing_job_title\"><div class=\"um-field-area\"><input  autocomplete=\"off\" class=\"um-form-field valid \" type=\"text\" name=\"billing_job_title-4867\" id=\"billing_job_title-4867\" value=\"\" placeholder=\"Jobtitel*\" data-validate=\"\" data-key=\"billing_job_title\"  aria-invalid=\"false\" \/>\n\n\t\t\t\t\t\t<\/div><\/div><\/div><div class=\"um-clear\"><\/div><div class=\"um-col-121\"><div  id=\"um_field_4867_billing_phone\" class=\"um-field um-field-text  um-field-billing_phone um-field-text um-field-type_text\" data-key=\"billing_phone\"><div class=\"um-field-area\"><input  autocomplete=\"off\" class=\"um-form-field valid \" type=\"text\" name=\"billing_phone-4867\" id=\"billing_phone-4867\" value=\"\" placeholder=\"Phone number*\" data-validate=\"phone_number\" data-key=\"billing_phone\"  aria-invalid=\"false\" \/>\n\n\t\t\t\t\t\t<\/div><\/div><\/div><div class=\"um-col-122\"><div  id=\"um_field_4867_billing_country\" class=\"um-field um-field-select  um-field-billing_country um-field-select um-field-type_select\" data-key=\"billing_country\"><div class=\"um-field-area  \"><select data-default=\"\"     name=\"billing_country\" id=\"billing_country\" data-validate=\"\" data-key=\"billing_country\" class=\"um-form-field valid not-required um-s1 \" style=\"width: 100%\" data-placeholder=\"Land*\"  data-um-ajax-source=\"custom_umwoo_country_list_dropdown_de\"   aria-invalid=\"false\" ><option value=\"\"><\/option><option value=\"EG\" >\u00c4gypten<\/option><option value=\"AX\" >\u00c5land-Inseln<\/option><option value=\"AL\" >Albanien<\/option><option value=\"DZ\" >Algerien<\/option><option value=\"AS\" >Amerikanisch-Samoa<\/option><option value=\"AD\" >Andorra<\/option><option value=\"AO\" >Angola<\/option><option value=\"AI\" >Anguilla<\/option><option value=\"AQ\" >Antarktis<\/option><option value=\"AG\" >Antigua und Barbuda<\/option><option value=\"AR\" >Argentinien<\/option><option value=\"AM\" >Armenien<\/option><option value=\"AW\" >Aruba<\/option><option value=\"AZ\" >Aserbaidschan<\/option><option value=\"ET\" >\u00c4thiopien<\/option><option value=\"AU\" >Australien<\/option><option value=\"BS\" >Bahamas<\/option><option value=\"BH\" >Bahrain<\/option><option value=\"BD\" >Bangladesch<\/option><option value=\"BB\" >Barbados<\/option><option value=\"PW\" >Belau<\/option><option value=\"BE\" >Belgien<\/option><option value=\"BZ\" >Belize<\/option><option value=\"BJ\" >Benin<\/option><option value=\"BM\" >Bermuda<\/option><option value=\"BT\" >Bhutan<\/option><option value=\"BO\" >Bolivien<\/option><option value=\"BA\" >Bosnien und Herzegowina<\/option><option value=\"BW\" >Botswana<\/option><option value=\"BV\" >Bouvetinsel<\/option><option value=\"BR\" >Brasilien<\/option><option value=\"IO\" >Britisches Territorium im Indischen Ozean<\/option><option value=\"BN\" >Brunei<\/option><option value=\"BG\" >Bulgarien<\/option><option value=\"BF\" >Burkina Faso<\/option><option value=\"BI\" >Burundi<\/option><option value=\"KY\" >Cayman-Inseln<\/option><option value=\"CL\" >Chile<\/option><option value=\"CN\" >China<\/option><option value=\"CC\" >Cocos-Inseln<\/option><option value=\"CK\" >Cookinseln<\/option><option value=\"CR\" >Costa Rica<\/option><option value=\"CW\" >Cura\u00e7ao<\/option><option value=\"DK\" >D\u00e4nemark<\/option><option value=\"DE\" >Deutschland<\/option><option value=\"DM\" >Dominica<\/option><option value=\"DO\" >Dominikanische Republik<\/option><option value=\"DJ\" >Dschibuti<\/option><option value=\"EC\" >Ecuador<\/option><option value=\"CI\" >Elfenbeink\u00fcste<\/option><option value=\"ER\" >Eritrea<\/option><option value=\"EE\" >Estland<\/option><option value=\"FK\" >Falkland-Inseln<\/option><option value=\"FO\" >F\u00e4r\u00f6er Inseln<\/option><option value=\"FJ\" >Fidschi<\/option><option value=\"FI\" >Finnland<\/option><option value=\"FR\" >Frankreich<\/option><option value=\"GF\" >Franz\u00f6sisch-Guayana<\/option><option value=\"PF\" >Franz\u00f6sisch-Polynesien<\/option><option value=\"TF\" >Franz\u00f6sische S\u00fcdterritorien<\/option><option value=\"GA\" >Gabun<\/option><option value=\"GM\" >Gambia<\/option><option value=\"GE\" >Georgien<\/option><option value=\"GH\" >Ghana<\/option><option value=\"GI\" >Gibraltar<\/option><option value=\"GD\" >Grenada<\/option><option value=\"GR\" >Griechenland<\/option><option value=\"GL\" >Gr\u00f6nland<\/option><option value=\"GP\" >Guadeloupe<\/option><option value=\"GU\" >Guam<\/option><option value=\"GT\" >Guatemala<\/option><option value=\"GG\" >Guernsey<\/option><option value=\"GN\" >Guinea<\/option><option value=\"GQ\" >Guinea-Bissau<\/option><option value=\"GW\" >Guinea-Bissau<\/option><option value=\"GY\" >Guyana<\/option><option value=\"HT\" >Haiti<\/option><option value=\"HM\" >Heard- und MacDonald-Inseln<\/option><option value=\"HN\" >Honduras<\/option><option value=\"HK\" >Hongkong<\/option><option value=\"IN\" >Indien<\/option><option value=\"ID\" >Indonesien<\/option><option value=\"IE\" >Irland<\/option><option value=\"IS\" >Island<\/option><option value=\"IM\" >Isle of Man<\/option><option value=\"IL\" >Israel<\/option><option value=\"IT\" >Italien<\/option><option value=\"JM\" >Jamaika<\/option><option value=\"JP\" >Japan<\/option><option value=\"JE\" >Jersey<\/option><option value=\"JO\" >Jordanien<\/option><option value=\"VG\" >Jungferninseln (Britisch)<\/option><option value=\"VI\" >Jungferninseln (US)<\/option><option value=\"KH\" >Kambodscha<\/option><option value=\"CM\" >Kamerun<\/option><option value=\"CA\" >Kanada<\/option><option value=\"CV\" >Kap Verde<\/option><option value=\"KZ\" >Kasachstan<\/option><option value=\"QA\" >Katar<\/option><option value=\"KE\" >Kenia<\/option><option value=\"KG\" >Kirgisistan<\/option><option value=\"KI\" >Kiribati<\/option><option value=\"CO\" >Kolumbien<\/option><option value=\"KM\" >Komoren<\/option><option value=\"CG\" >Kongo (Brazzaville)<\/option><option value=\"KR\" >Kongo (Brazzaville)<\/option><option value=\"HR\" >Kroatien<\/option><option value=\"CU\" >Kuba<\/option><option value=\"KW\" >Kuwait<\/option><option value=\"RE\" >Laos<\/option><option value=\"LA\" >Laos<\/option><option value=\"LS\" >Lesotho<\/option><option value=\"LV\" >Lettland<\/option><option value=\"LR\" >Liberia<\/option><option value=\"LI\" >Liechtenstein<\/option><option value=\"LT\" >Litauen<\/option><option value=\"LU\" >Luxemburg<\/option><option value=\"MO\" >Macau<\/option><option value=\"MG\" >Madagaskar<\/option><option value=\"MW\" >Malawi<\/option><option value=\"MY\" >Malaysia<\/option><option value=\"MV\" >Malediven<\/option><option value=\"ML\" >Mali<\/option><option value=\"MT\" >Malta<\/option><option value=\"MA\" >Marokko<\/option><option value=\"MH\" >Marshallinseln<\/option><option value=\"MQ\" >Martinique<\/option><option value=\"MR\" >Mauretanien<\/option><option value=\"MU\" >Mauretanien<\/option><option value=\"YT\" >Mayotte<\/option><option value=\"MK\" >Mazedonien (Nord)<\/option><option value=\"MX\" >Mexiko<\/option><option value=\"FM\" >Mikronesien<\/option><option value=\"MD\" >Moldawien<\/option><option value=\"MC\" >Monaco<\/option><option value=\"MN\" >Mongolei<\/option><option value=\"ME\" >Montenegro<\/option><option value=\"MS\" >Montserrat<\/option><option value=\"MZ\" >Mosambik<\/option><option value=\"NA\" >Namibia<\/option><option value=\"NR\" >Nauru<\/option><option value=\"NP\" >Nepal<\/option><option value=\"NC\" >Neukaledonien<\/option><option value=\"NZ\" >neuseeland<\/option><option value=\"NI\" >Nicaragua<\/option><option value=\"NL\" >Niederlande<\/option><option value=\"NE\" >Niger<\/option><option value=\"NG\" >Nigeria<\/option><option value=\"NU\" >Niue<\/option><option value=\"MP\" >N\u00f6rdliche Marianen<\/option><option value=\"NF\" >Norfolkinsel<\/option><option value=\"NO\" >Norwegen<\/option><option value=\"OM\" >Oman<\/option><option value=\"AT\" >\u00d6sterreich<\/option><option value=\"PK\" >Pakistan<\/option><option value=\"PS\" >Pal\u00e4stinensisches Territorium<\/option><option value=\"PA\" >Panama<\/option><option value=\"PG\" >Papua-Neuguinea<\/option><option value=\"PY\" >Paraguay<\/option><option value=\"PE\" >Peru<\/option><option value=\"PH\" >Philippinen<\/option><option value=\"PN\" >Pitcairn<\/option><option value=\"PL\" >Polen<\/option><option value=\"PT\" >Portugal<\/option><option value=\"PR\" >Puerto Rico<\/option><option value=\"CZ\" >Republik Korea<\/option><option value=\"RW\" >Ruanda<\/option><option value=\"RO\" >Rum\u00e4nien<\/option><option value=\"BQ\" >Saba, St. Eustatius und Bonaire<\/option><option value=\"MF\" >Saint-Martin (franz\u00f6sischer Teil)<\/option><option value=\"SB\" >Salomonen<\/option><option value=\"SV\" >Salvador<\/option><option value=\"ZM\" >Sambia<\/option><option value=\"WS\" >Samoa<\/option><option value=\"SM\" >San Marino<\/option><option value=\"ST\" >Sao Tome und Principe<\/option><option value=\"SA\" >Saudi-Arabien<\/option><option value=\"SE\" >Schweden<\/option><option value=\"CH\" >Schweiz<\/option><option value=\"SN\" >Senegal<\/option><option value=\"RS\" >Serbien<\/option><option value=\"SC\" >Seychellen<\/option><option value=\"SL\" >Sierra Leone<\/option><option value=\"SG\" >Singapur<\/option><option value=\"SK\" >Slowakei<\/option><option value=\"SI\" >Slowenien<\/option><option value=\"ES\" >Spanien<\/option><option value=\"LK\" >Sri Lanka<\/option><option value=\"BL\" >St. Barth\u00e9lemy<\/option><option value=\"SH\" >St. Helena<\/option><option value=\"KN\" >St. Kitts und Nevis<\/option><option value=\"LC\" >St. Lucia<\/option><option value=\"SX\" >St. Martin (niederl\u00e4ndischer Teil)<\/option><option value=\"PM\" >St. Pierre und Miquelon<\/option><option value=\"VC\" >St. Vincent und die Grenadinen<\/option><option value=\"ZA\" >S\u00fcd-Afrika<\/option><option value=\"GS\" >S\u00fcdgeorgien\/Sandwichinseln<\/option><option value=\"SR\" >Surinam<\/option><option value=\"SJ\" >Svalbard und Jan Mayen<\/option><option value=\"SZ\" >Swasiland<\/option><option value=\"TJ\" >Tadschikistan<\/option><option value=\"TW\" >Taiwan<\/option><option value=\"TZ\" >Tansania<\/option><option value=\"TH\" >Thailand<\/option><option value=\"TL\" >Timor-Leste<\/option><option value=\"TG\" >Togo<\/option><option value=\"TK\" >Tokelau<\/option><option value=\"TO\" >Tonga<\/option><option value=\"TT\" >Trinidad und Tobago<\/option><option value=\"TD\" >Tschad<\/option><option value=\"TN\" >Tunesien<\/option><option value=\"TR\" >T\u00fcrkei<\/option><option value=\"TM\" >Turkmenistan<\/option><option value=\"TC\" >Turks- und Caicosinseln<\/option><option value=\"TV\" >Tuvalu<\/option><option value=\"UG\" >Uganda<\/option><option value=\"HU\" >Ungarn<\/option><option value=\"UY\" >Uruguay<\/option><option value=\"UZ\" >Usbekistan<\/option><option value=\"VU\" >Vanuatu<\/option><option value=\"VA\" >Vatikanstadt<\/option><option value=\"AE\" >Vereinigte Arabische Emirate<\/option><option value=\"US\" >Vereinigte Staaten (USA)<\/option><option value=\"UM\" >Vereinigte Staaten Minor Outlying Islands<\/option><option value=\"GB\" >Vereinigtes K\u00f6nigreich (UK)<\/option><option value=\"VN\" >Vietnam<\/option><option value=\"WF\" >Wallis und Futuna<\/option><option value=\"CX\" >Weihnachtsinsel<\/option><option value=\"EH\" >Westsahara<\/option><option value=\"CY\" >Zypern<\/option><\/select><\/div><\/div><\/div><div class=\"um-clear\"><\/div><div class=\"um-col-1\"><div  id=\"um_field_4867_user_email\" class=\"um-field um-field-text  um-field-user_email um-field-text um-field-type_text\" data-key=\"user_email\"><div class=\"um-field-area\"><input  autocomplete=\"off\" class=\"um-form-field valid \" type=\"text\" name=\"user_email-4867\" id=\"user_email-4867\" value=\"\" placeholder=\"E-mail*\" data-validate=\"custom\" data-key=\"user_email\"  aria-invalid=\"false\" \/>\n\n\t\t\t\t\t\t<\/div><\/div><div  id=\"um_field_4867_user_password\" class=\"um-field um-field-password  um-field-user_password um-field-password um-field-type_password\" data-key=\"user_password\"><div class=\"um-field-area\"><input class=\"um-form-field valid \" type=\"password\" name=\"user_password-4867\" id=\"user_password-4867\" value=\"\" placeholder=\"Passwort\" data-validate=\"\" data-key=\"user_password\"  aria-invalid=\"false\" \/>\n\n\t\t\t\t\t\t\t<\/div><\/div><div  id=\"um_field_4867_confirm_user_password\" class=\"um-field um-field-password  um-field-user_password um-field-password um-field-type_password\" data-key=\"confirm_user_password\"><div class=\"um-field-area\"><input class=\"um-form-field valid \" type=\"password\" name=\"confirm_user_password-4867\" id=\"confirm_user_password-4867\" value=\"\" placeholder=\"Confirm Passwort\" data-validate=\"\" data-key=\"confirm_user_password\"  aria-invalid=\"false\" \/><\/div><\/div><\/div><\/div><div class=\"um-row _um_row_2 \" style=\"margin: 0 0 30px 0;\"><div class=\"um-col-1\"><div  id=\"um_field_4867_email_promotion\" class=\"um-field um-field-checkbox  um-field-email_promotion um-field-checkbox um-field-type_checkbox\" data-key=\"email_promotion\"  aria-invalid=\"false\" ><div class=\"um-field-area\"><label class=\"um-field-checkbox active um-field-half \"><input   type=\"checkbox\" name=\"email_promotion[]\" value=\"Markieren Sie dieses K\u00e4stchen, wenn Sie per E-Mail \u00fcber Produktneuerungen, Upgrades, Sonderangebote und -preise informiert werden m\u00f6chten.\" checked \/><span class=\"um-field-checkbox-state\"><i class=\"um-icon-android-checkbox-outline\"><\/i><\/span><span class=\"um-field-checkbox-option\">Markieren Sie dieses K\u00e4stchen, wenn Sie per E-Mail \u00fcber Produktneuerungen, Upgrades, Sonderangebote und -preise informiert werden m\u00f6chten.<\/span><\/label><div class=\"um-clear\"><\/div><\/div><\/div><div  class=\"um-field um-field-block  um-field-block um-field-type_block\" data-key=\"um_block_3419_13\"><a href=\"\/de\/allgemeine-geschaeftsbedingungen\/\" target=\"_blank\" rel=\"noopener\">Allgemeine Gesch\u00e4ftsbedingungen anzeigen<\/a><\/div><div  id=\"um_field_4867_cgv_checkbox\" class=\"um-field um-field-checkbox  um-field-cgv_checkbox um-field-checkbox um-field-type_checkbox\" data-key=\"cgv_checkbox\"  aria-invalid=\"false\" ><div class=\"um-field-area\"><label class=\"um-field-checkbox  um-field-half \"><input   type=\"checkbox\" name=\"cgv_checkbox[]\" value=\"Ich habe die Allgemeinen Gesch\u00e4ftsbedingungen gelesen und akzeptiert.\"  \/><span class=\"um-field-checkbox-state\"><i class=\"um-icon-android-checkbox-outline-blank\"><\/i><\/span><span class=\"um-field-checkbox-option\">Ich habe die Allgemeinen Gesch\u00e4ftsbedingungen gelesen und akzeptiert.<\/span><\/label><div class=\"um-clear\"><\/div><\/div><\/div><\/div><\/div>\t\t<input type=\"hidden\" name=\"form_id\" id=\"form_id_4867\" value=\"4867\" \/>\n\t\n\t<p class=\"um_request_name\">\n\t\t<label for=\"um_request_4867\">Only fill in if you are not human<\/label>\n\t\t<input type=\"hidden\" name=\"um_request\" id=\"um_request_4867\" class=\"input\" value=\"\" size=\"25\" autocomplete=\"off\" \/>\n\t<\/p>\n\n\t<input type=\"hidden\" id=\"_wpnonce\" name=\"_wpnonce\" value=\"26eb23d4bb\" \/><input type=\"hidden\" name=\"_wp_http_referer\" value=\"\/de\/wp-json\/wp\/v2\/pages\/4820\" \/>\n\t<div class=\"um-col-alt\">\n\n\t\t\n\t\t\t<div class=\"um-center\">\n\t\t\t\t<input type=\"submit\" value=\"Anmelden\" class=\"um-button\" id=\"um-submit-btn\" \/>\n\t\t\t<\/div>\n\n\t\t\n\t\t<div class=\"um-clear\"><\/div>\n\n\t<\/div>\n\n\t\t\t<\/form>\n\t<\/div>\n<\/div>\n<style>\n\t\t\t.um-4867.um {\n\t\t\tmax-width: 100%;\n\t\t}\n\t\t<\/style>\n\n<\/div><\/section><\/p><\/div><div  class='flex_column av-79rxp-680eeeb384a2451be711a6f882947650 av_one_fifth  avia-builder-el-4  el_after_av_three_fifth  el_before_av_one_fifth  flex_column_div  '     ><\/div><\/p>\n<div  class='flex_column av-6kkvkt-ae876568328f79d4ecc551c692a5a47b av_one_fifth  avia-builder-el-5  el_after_av_one_fifth  avia-builder-el-last  flex_column_div  '     ><p>\n<style type=\"text\/css\" data-created_by=\"avia_inline_auto\" id=\"style-css-av-3rsu0d-f65f9516d0c5e8cb525c0fa7496851aa\">\n#top .av-special-heading.av-3rsu0d-f65f9516d0c5e8cb525c0fa7496851aa{\npadding-bottom:10px;\n}\nbody .av-special-heading.av-3rsu0d-f65f9516d0c5e8cb525c0fa7496851aa .av-special-heading-tag .heading-char{\nfont-size:25px;\n}\n.av-special-heading.av-3rsu0d-f65f9516d0c5e8cb525c0fa7496851aa .av-subheading{\nfont-size:15px;\n}\n<\/style>\n<div  class='av-special-heading av-3rsu0d-f65f9516d0c5e8cb525c0fa7496851aa av-special-heading-h3 blockquote modern-quote  avia-builder-el-6  el_before_av_sidebar  avia-builder-el-first '><h3 class='av-special-heading-tag '  itemprop=\"headline\"  >Neuer Kunde? <\/h3><div class=\"special-heading-border\"><div class=\"special-heading-inner-border\"><\/div><\/div><\/div><br \/>\n<div  class='avia-builder-widget-area clearfix  avia-builder-el-7  el_after_av_heading  avia-builder-el-last '><div id=\"nav_menu-2\" class=\"widget clearfix widget_nav_menu\"><h3 class=\"widgettitle\">Sie sind: <\/h3><div class=\"menu-login-register-de-container\"><ul id=\"menu-login-register-de\" class=\"menu\"><li id=\"menu-item-4843\" class=\"menu-item menu-item-type-post_type menu-item-object-page menu-item-4843\"><a href=\"https:\/\/store.thegreenbow.com\/de\/create-a-partner-reseller-account\/\">Ein Vertriebspartner<\/a><\/li>\n<li id=\"menu-item-4844\" class=\"menu-item menu-item-type-post_type menu-item-object-page menu-item-4844\"><a href=\"https:\/\/store.thegreenbow.com\/de\/create-a-client-account\/\">Ein Unternehmen oder ein professioneller<\/a><\/li>\n<li id=\"menu-item-4842\" class=\"menu-item menu-item-type-post_type menu-item-object-page menu-item-4842\"><a href=\"https:\/\/store.thegreenbow.com\/de\/create-a-public-organization-account\/\">Eine \u00f6ffentliche Einrichtung<\/a><\/li>\n<\/ul><\/div><\/div><\/div><\/p><\/div>\n","protected":false},"excerpt":{"rendered":"","protected":false},"author":1373,"featured_media":0,"parent":0,"menu_order":0,"comment_status":"closed","ping_status":"closed","template":"","meta":{"_acf_changed":false,"powered_cache_disable_cache":false,"powered_cache_disable_css_optimization":false,"powered_cache_disable_js_optimization":false,"footnotes":"","_links_to":"","_links_to_target":""},"class_list":["post-4820","page","type-page","status-publish","hentry"],"acf":[],"_links":{"self":[{"href":"https:\/\/store.thegreenbow.com\/de\/wp-json\/wp\/v2\/pages\/4820","targetHints":{"allow":["GET"]}}],"collection":[{"href":"https:\/\/store.thegreenbow.com\/de\/wp-json\/wp\/v2\/pages"}],"about":[{"href":"https:\/\/store.thegreenbow.com\/de\/wp-json\/wp\/v2\/types\/page"}],"author":[{"embeddable":true,"href":"https:\/\/store.thegreenbow.com\/de\/wp-json\/wp\/v2\/users\/1373"}],"replies":[{"embeddable":true,"href":"https:\/\/store.thegreenbow.com\/de\/wp-json\/wp\/v2\/comments?post=4820"}],"version-history":[{"count":0,"href":"https:\/\/store.thegreenbow.com\/de\/wp-json\/wp\/v2\/pages\/4820\/revisions"}],"wp:attachment":[{"href":"https:\/\/store.thegreenbow.com\/de\/wp-json\/wp\/v2\/media?parent=4820"}],"curies":[{"name":"wp","href":"https:\/\/api.w.org\/{rel}","templated":true}]}}